{"id":605,"date":"2025-03-19T15:38:14","date_gmt":"2025-03-19T15:38:14","guid":{"rendered":"https:\/\/landseer-nothilfe.de\/?page_id=605"},"modified":"2025-11-25T14:45:28","modified_gmt":"2025-11-25T14:45:28","slug":"formulare","status":"publish","type":"page","link":"https:\/\/landseer-nothilfe.de\/index.php\/formulare\/","title":{"rendered":"Formulare"},"content":{"rendered":"\n<h2 class=\"wp-block-heading\">Formulare Vermittlung<\/h2>\n\n\n\n<p>Um sich f\u00fcr einen Notfallhund zu bewerben, m\u00f6chten wir Sie darum bitten, unter den nachfolgend aufgef\u00fchrten Links, die entsprechenden PDF-Dateien auszuf\u00fcllen und an uns zur\u00fcckzusenden. Hiernach werden wir uns zeitnah bei Ihnen melden und alles weitere besprechen.<\/p>\n\n\n\n<p>Gerne stehen wir Ihnen auch f\u00fcr weitere Fragen zur Verf\u00fcgung.<\/p>\n\n\n\n<div style=\"height:50px\" aria-hidden=\"true\" class=\"wp-block-spacer\"><\/div>\n\n\n\n<h3 class=\"wp-block-heading\">Kontakt<\/h3>\n\n\n\n<h5 class=\"wp-block-heading\">Silvia Backes<\/h5>\n\n\n\n<p class=\"has-link-color wp-elements-ea0e5fca8adf79ab060a2b08d9b14c87\">Telefon: <a href=\"tel:00491773558001\">+49 (0) 177 \u2013 3 55 80 01<\/a><br><a href=\"mailto:notlandseer@landseer-nothilfe.de\">notlandseer@landseer-nothilfe.de<\/a><\/p>\n\n\n\n<h5 class=\"wp-block-heading\"><br>Werner Graff Eussen<\/h5>\n\n\n\n<p class=\"has-link-color wp-elements-f546dbfef5c11ee7a401d7c04e33a36e\">Telefon: <a href=\"tel:0031641685014\" data-type=\"tel\" data-id=\"tel:0031641685014\">+31 6 41 68 50 14<\/a><br><a href=\"mailto:vorstand@landseer-nothilfe.de\">vorstand@landseer-nothilfe.de<\/a><\/p>\n\n\n\n<h5 class=\"wp-block-heading\"><br>Conny Wiebe<\/h5>\n\n\n\n<p class=\"has-link-color wp-elements-78bf2e9a1ad2aeb8d0edb1ed7e73534e\">Telefon: <a href=\"tel:4901795918512\">+4<\/a><a href=\"tel:00491795918512\">9<\/a><a href=\"tel:4901795918512\"> (0) 179 591 85 12<\/a><br><a href=\"mailto:geschaeftsstelle@landseer-nothilfe.de\">geschaeftsstelle@landseer-nothilfe.de<\/a><\/p>\n\n\n\n<div style=\"height:50px\" aria-hidden=\"true\" class=\"wp-block-spacer\"><\/div>\n\n\n\n<h3 class=\"wp-block-heading\">Formulare<\/h3>\n\n\n\n<p class=\"has-link-color wp-elements-8338afb0d265925501310d4148577d53\"><a href=\"https:\/\/landseer-nothilfe.de\/wp-content\/uploads\/2025\/11\/Bewerbung-um-Nothund-komplett.pdf\">Bewerbung um einen Nothund (PDF-Datei)<br><\/a><a href=\"https:\/\/landseer-nothilfe.de\/wp-content\/uploads\/2025\/03\/vermittlungs_informationen_bewerber_2310.pdf\">Vermittlungsarbeit Informationen f\u00fcr Bewerber (PDF-Datei)<br><\/a><a href=\"https:\/\/landseer-nothilfe.de\/wp-content\/uploads\/2025\/11\/Vermittlungsauftrag-2507.pdf\">Vermittlungsauftrag (PDF-Datei)<br><\/a><a href=\"https:\/\/landseer-nothilfe.de\/wp-content\/uploads\/2025\/03\/vermittlungsarbeitinformationen_lnh.pdf\">Vermittlungsarbeit Informationen f\u00fcr Notf\u00e4lle (PDF-Datei)<\/a><\/p>\n\n\n\n<div style=\"height:100px\" aria-hidden=\"true\" class=\"wp-block-spacer\"><\/div>\n","protected":false},"excerpt":{"rendered":"<p>Formulare Vermittlung Um sich f\u00fcr einen Notfallhund zu bewerben, m\u00f6chten wir Sie darum bitten, unter den nachfolgend aufgef\u00fchrten Links, die entsprechenden PDF-Dateien auszuf\u00fcllen und an uns zur\u00fcckzusenden. Hiernach werden wir uns zeitnah bei Ihnen melden und alles weitere besprechen. Gerne stehen wir Ihnen auch f\u00fcr weitere Fragen zur Verf\u00fcgung. Kontakt Silvia Backes Telefon: +49 (0) [&hellip;]<\/p>\n","protected":false},"author":1,"featured_media":0,"parent":0,"menu_order":0,"comment_status":"closed","ping_status":"closed","template":"","meta":{"footnotes":""},"class_list":["post-605","page","type-page","status-publish","hentry"],"_links":{"self":[{"href":"https:\/\/landseer-nothilfe.de\/index.php\/wp-json\/wp\/v2\/pages\/605","targetHints":{"allow":["GET"]}}],"collection":[{"href":"https:\/\/landseer-nothilfe.de\/index.php\/wp-json\/wp\/v2\/pages"}],"about":[{"href":"https:\/\/landseer-nothilfe.de\/index.php\/wp-json\/wp\/v2\/types\/page"}],"author":[{"embeddable":true,"href":"https:\/\/landseer-nothilfe.de\/index.php\/wp-json\/wp\/v2\/users\/1"}],"replies":[{"embeddable":true,"href":"https:\/\/landseer-nothilfe.de\/index.php\/wp-json\/wp\/v2\/comments?post=605"}],"version-history":[{"count":4,"href":"https:\/\/landseer-nothilfe.de\/index.php\/wp-json\/wp\/v2\/pages\/605\/revisions"}],"predecessor-version":[{"id":1489,"href":"https:\/\/landseer-nothilfe.de\/index.php\/wp-json\/wp\/v2\/pages\/605\/revisions\/1489"}],"wp:attachment":[{"href":"https:\/\/landseer-nothilfe.de\/index.php\/wp-json\/wp\/v2\/media?parent=605"}],"curies":[{"name":"wp","href":"https:\/\/api.w.org\/{rel}","templated":true}]}}