{"id":507,"date":"2025-03-20T09:00:12","date_gmt":"2025-03-20T09:00:12","guid":{"rendered":"https:\/\/landseer-nothilfe.de\/?page_id=507"},"modified":"2025-03-20T09:00:12","modified_gmt":"2025-03-20T09:00:12","slug":"welpenkauf","status":"publish","type":"page","link":"https:\/\/landseer-nothilfe.de\/index.php\/welpenkauf\/","title":{"rendered":"Welpenkauf"},"content":{"rendered":"\n<div style=\"height:50px\" aria-hidden=\"true\" class=\"wp-block-spacer\"><\/div>\n\n\n\n<h3 class=\"wp-block-heading\">Vorsicht beim Welpenkauf!<\/h3>\n\n\n\n<h4 class=\"wp-block-heading\">Eine gut gemeinte und ernst zunehmende Warnung!<\/h4>\n\n\n\n<p>Fehlende Aufkl\u00e4rung, ein falsches Mitleid und die Chance billig an einen Rassehund zu kommen sind die h\u00e4ufigsten Motive, die f\u00fcr die Entscheidung einen Welpen zu kaufen herangezogen werden.<\/p>\n\n\n\n<p>Rassehunde ohne Papiere oder mit \u201epseudo\u201c- Papieren tauchen immer st\u00e4rker auf dem Markt auf, weil die Nachfrage nach einem Rassehund, nach wie vor ungebrochen ist.<\/p>\n\n\n\n<p>Warum 1.000 Euro bezahlen, wenn ich bereits schon f\u00fcr 250 \u2013 500 Euro einen Rassehund bekommen kann?<\/p>\n\n\n\n<p><\/p>\n\n\n\n<h4 class=\"wp-block-heading\">Ich will ja nicht z\u00fcchten \u2013 sondern nur einen Rassehund!<\/h4>\n\n\n\n<p>Diese Gedanken sind weitl\u00e4ufig verbreitet und klingen auch verst\u00e4ndlich in einer Zeit, wo man an das Sparen denkt. Krank werden kann auch ein Hund mit Papieren, da ist es doch besser, wenn man sich gleich aus dem riesigen Tiermarkt einen Hund organisiert. Genau diese Standpunkte kennen auch die Hundeh\u00e4ndler, Massenz\u00fcchter und Vermehrer.<\/p>\n\n\n\n<h6 class=\"wp-block-heading\">Sie nutzen dabei schamlos die Unwissenheit der Interessenten aus!<\/h6>\n\n\n\n<p><\/p>\n\n\n\n<h3 class=\"wp-block-heading\">Warum warnen wir vor solchen Hundek\u00e4ufen?<\/h3>\n\n\n\n<h4 class=\"wp-block-heading\">Massenz\u00fcchter<\/h4>\n\n\n\n<p>Massenz\u00fcchter haben keine besondere Vorliebe f\u00fcr eine Hunderasse, sondern eher ein Interesse am sehr lukrativen Gesch\u00e4ft. Rassen von A bis Z sind nicht selten. Massenz\u00fcchter sind Vermehrer im gro\u00dfen Rahmen und sie handeln mit der T\u00e4uschung Z\u00fcchter zu sein. Ein Massenz\u00fcchter ist ausschlie\u00dflich auf die reine Zwinge Haltung angewiesen, da mehrere Rassen und die vielen H\u00fcndinnen untergebracht werden m\u00fcssen. Gesundheitliche Vorsorge und Sozialisierung der Welpen sind hier kaum gegeben. Solche Pseudozuchtst\u00e4tten sind daher eine Gefahr f\u00fcr das Wesen des Hundes.<\/p>\n\n\n\n<h6 class=\"wp-block-heading\">Also: \u201eFinger weg, von solchen Angeboten!\u201c<\/h6>\n\n\n\n<p><\/p>\n\n\n\n<h4 class=\"wp-block-heading\">Hundeh\u00e4ndler<\/h4>\n\n\n\n<p>Hundeh\u00e4ndler betreiben oftmals ein Im- und Exportgesch\u00e4ft mit der Ware Hund oder kaufen ganze W\u00fcrfe von Vermehrern im Alter von vier bis sechs Wochen. Das Gesch\u00e4ft boomt. Fingierte ,,Firmenpapiere\u201d t\u00e4uschen den K\u00e4ufer \u00fcber die Echtheit als Rassehund. Auf der Strecke bleibt wieder einmal das Wesen des Hundes. Man beachte: Gewinner sind nur der H\u00e4ndler, weil hier oftmals sehr hohe Folgekosten f\u00fcr die Gesunderhaltung der Hunde zu leisten sind. Aus einem g\u00fcnstigen Angebot wird oft ein teurer Hundekauf mit Folgen.<\/p>\n\n\n\n<h6 class=\"wp-block-heading\">Also wieder: \u201eFinger weg, von solchen Angeboten!\u201c<\/h6>\n\n\n\n<p><\/p>\n\n\n\n<h4 class=\"wp-block-heading\">Vermehrer<\/h4>\n\n\n\n<p>Vermehrer von Hunden leben von der Bequemlichkeit und der M\u00f6glichkeit f\u00fcr einen leichten Nebenverdienst.<br>Das schnelle Geld statt Verantwortung gegen\u00fcber dem Hund liegt hier im Vordergrund. Gleichg\u00fcltig und unbek\u00fcmmert ignorieren sie die M\u00f6glichkeiten einer Kontrolle durch einen seri\u00f6sen Hunde-Zuchtverband. Nicht selten sind Hundevermehrer auch von Zuchtverb\u00e4nden ausgeschlossen worden oder unterliegen wegen Verst\u00f6\u00dfe einem Zuchtverbot. Echte Rassepapiere sind hier ausgeschlossen. \u00c4hnlich wie bei den Massenz\u00fcchtern und H\u00e4ndlern sind gesundheitliche \u00dcberwachungen der Elterntiere nicht gegeben.<\/p>\n\n\n\n<h6 class=\"wp-block-heading\">Vorsicht beim Welpenkauf \u2013 eine Warnung, die man ernst nehmen sollte!<\/h6>\n\n\n\n<p>Gleichg\u00fcltig f\u00fcr welche Hunderasse man sich auch entscheiden mag, wir k\u00f6nnen aus Erfahrung nur den dringenden Rat geben, sich einen Hund nur bei einem seri\u00f6sen Z\u00fcchter anzuschaffen, der in einem Zuchtverband organisiert ist.<\/p>\n\n\n\n<p>Nicht nur beim Landseer ist hier in Deutschland die gro\u00dfe Auswahl wohl einzigartig.<\/p>\n\n\n\n<p><\/p>\n\n\n\n<h4 class=\"wp-block-heading\">Warum also nur bei einem Z\u00fcchter kaufen?<\/h4>\n\n\n\n<p>Ein Z\u00fcchter unterliegt den strengen Zuchtrichtlinien eines Zuchtverbandes und bevor eine Zuchth\u00fcndin, der ein Deckr\u00fcde f\u00fcr eine Zucht zugelassen wird, m\u00fcssen viele Kriterien erf\u00fcllt sein. Ein Z\u00fcchter muss sich nach den Bestimmungen f\u00fcr Wesen, Gesundheit, Vererbung und Tierschutz richten. Nur Hunde, die alle Kriterien f\u00fcr eine Zuchtzulassung erf\u00fcllen, k\u00f6nnen eine\u00a0 Genehmigung f\u00fcr die Zucht erhalten. Dieser gro\u00dfe Aufwand f\u00fcr eine gesunde Zucht ist immer mit einem gro\u00dfen Kostenaufwand verbunden, den ein Z\u00fcchter tragen muss. Doch damit noch nicht genug, auch die Zuchtst\u00e4tte und der Z\u00fcchter selbst unterliegen einer st\u00e4ndigen Kontrolle. Des Weiteren wird jeder Wurf von einem zust\u00e4ndigen Zuchtwart schon in den ersten Tagen begutachtet und je nach Rasse ist noch im Alter der Welpen von 8 bis 10 Wochen die Wurfabnahme. Hier werden von einem Zuchtwart alle Welpen gepr\u00fcft nach Gesundheit, Wesen und Vererbung. Erst nach all diesen Kontrollmechanismen darf ein Welpe seinen Z\u00fcchter verlassen und in die H\u00e4nde seiner neuen Besitzer \u00fcbergeben werden.Vorsicht beim Welpenkauf \u2013 eine Warnung, die man ernst nehmen sollte!<\/p>\n\n\n\n<h5 class=\"wp-block-heading\">Weitere Vorteile bei einem Z\u00fcchter.<\/h5>\n\n\n\n<p>Als Welpen Interessent kann man sich fr\u00fchzeitig anmelden und vieles \u00fcber die Elterntiere erfahren. Ein seri\u00f6ser Z\u00fcchter wird immer Auskunft geben und ein gro\u00dfes Interesse daran haben, dass die zuk\u00fcnftigen Welpen Besitzer gut informiert sind. Auch nach dem Erwerb eines Welpen kann der Kontakt zum Z\u00fcchter erhalten bleiben, um mit Rat und Tat Hilfe zu erwarten im Interesse des jungen Hundes.<\/p>\n\n\n\n<p>In diesem Sinn haben wir eine gro\u00dfe Bitte an alle Tierfreunde! Kaufen Sie einen Welpen nur beim Z\u00fcchter und geben Sie zum Wohle des Hundes den Vermehrern, H\u00e4ndlern und Massenz\u00fcchtern keine Chance.<\/p>\n\n\n\n<h6 class=\"wp-block-heading\">Lassen Sie sich nicht durch Ihre Unwissenheit schamlos ausnutzen!<\/h6>\n\n\n\n<h6 class=\"wp-block-heading\">Denn Tierschutz beginnt schon beim Hundekauf!<\/h6>\n\n\n\n<p>Vorsicht beim Welpen kauf \u2013 eine Warnung, die Sie ernst nehmen sollten!<\/p>\n\n\n\n<p>Es passiert leider noch viel zu oft, dass Menschen im guten Glauben \u00fcber Tageszeitungen und Anzeigenm\u00e4rkten hier im Internet aufmerksam gemacht werden, Rassehunde erwerben zu k\u00f6nnen.<\/p>\n\n\n\n<p>Hier im Internet zeigt sich verst\u00e4rkt der \u201eGraue Markt\u201d der Hundeh\u00e4ndler und Vermehrer. Welpen zu absoluten Niedrigpreisen, h\u00e4ufig ohne Papiere oder mit falschen Papieren werden in j\u00fcngster Zeit verst\u00e4rkt in verschiedenen Bundesl\u00e4ndern angeboten.<\/p>\n\n\n\n<p>Informieren Sie sich bitte sehr genau, bevor Sie sich einen Welpen anschaffen. Um ganz sicherzugehen, k\u00f6nnen Sie sich an den&nbsp;<a href=\"https:\/\/www.vdh.de\/welpenvermittlung\/index.php\" target=\"_blank\" rel=\"noreferrer noopener\">VDH (Verband f\u00fcr das deutsche Hundewesen)<\/a>&nbsp;oder auch an uns, die Landseer Nothilfe wenden.<\/p>\n\n\n\n<p><\/p>\n\n\n\n<h6 class=\"wp-block-heading\">Wir m\u00f6chten uns an dieser Stelle ganz herzlich bei Barbara und Michael K\u00fcrschner vom\u00a0<a href=\"https:\/\/www.landseer-magazin.de\/home.html\" target=\"_blank\" rel=\"noreferrer noopener\">Landseer Magazin<\/a>\u00a0f\u00fcr die freundliche Zusammenarbeit bedanken.<\/h6>\n\n\n\n<div style=\"height:100px\" aria-hidden=\"true\" class=\"wp-block-spacer\"><\/div>\n","protected":false},"excerpt":{"rendered":"<p>Vorsicht beim Welpenkauf! Eine gut gemeinte und ernst zunehmende Warnung! Fehlende Aufkl\u00e4rung, ein falsches Mitleid und die Chance billig an einen Rassehund zu kommen sind die h\u00e4ufigsten Motive, die f\u00fcr die Entscheidung einen Welpen zu kaufen herangezogen werden. Rassehunde ohne Papiere oder mit \u201epseudo\u201c- Papieren tauchen immer st\u00e4rker auf dem Markt auf, weil die Nachfrage [&hellip;]<\/p>\n","protected":false},"author":1,"featured_media":0,"parent":0,"menu_order":0,"comment_status":"closed","ping_status":"closed","template":"","meta":{"footnotes":""},"class_list":["post-507","page","type-page","status-publish","hentry"],"_links":{"self":[{"href":"https:\/\/landseer-nothilfe.de\/index.php\/wp-json\/wp\/v2\/pages\/507","targetHints":{"allow":["GET"]}}],"collection":[{"href":"https:\/\/landseer-nothilfe.de\/index.php\/wp-json\/wp\/v2\/pages"}],"about":[{"href":"https:\/\/landseer-nothilfe.de\/index.php\/wp-json\/wp\/v2\/types\/page"}],"author":[{"embeddable":true,"href":"https:\/\/landseer-nothilfe.de\/index.php\/wp-json\/wp\/v2\/users\/1"}],"replies":[{"embeddable":true,"href":"https:\/\/landseer-nothilfe.de\/index.php\/wp-json\/wp\/v2\/comments?post=507"}],"version-history":[{"count":5,"href":"https:\/\/landseer-nothilfe.de\/index.php\/wp-json\/wp\/v2\/pages\/507\/revisions"}],"predecessor-version":[{"id":655,"href":"https:\/\/landseer-nothilfe.de\/index.php\/wp-json\/wp\/v2\/pages\/507\/revisions\/655"}],"wp:attachment":[{"href":"https:\/\/landseer-nothilfe.de\/index.php\/wp-json\/wp\/v2\/media?parent=507"}],"curies":[{"name":"wp","href":"https:\/\/api.w.org\/{rel}","templated":true}]}}