{"id":299,"date":"2025-03-14T09:12:21","date_gmt":"2025-03-14T09:12:21","guid":{"rendered":"https:\/\/landseer-nothilfe.de\/?page_id=299"},"modified":"2025-12-21T10:00:37","modified_gmt":"2025-12-21T10:00:37","slug":"spenden","status":"publish","type":"page","link":"https:\/\/landseer-nothilfe.de\/index.php\/spenden\/","title":{"rendered":"Spenden"},"content":{"rendered":"\n<div style=\"height:50px\" aria-hidden=\"true\" class=\"wp-block-spacer\"><\/div>\n\n\n\n<p>Wir m\u00f6chten die Welt f\u00fcr einige Fellnasen zu einem besseren Ort machen, indem wir f\u00fcr Landseer in Not ein neues, liebevolles Zuhause suchen. Dazu sind wir auf Ihre Hilfe und Ihre Unterst\u00fctzung angewiesen \u2013 durch Ihre Spende.<\/p>\n\n\n\n<div style=\"height:7px\" aria-hidden=\"true\" class=\"wp-block-spacer\"><\/div>\n\n\n\n<p>Als gemeinn\u00fctzig anerkannte Organisation, in der alle ehrenamtlich arbeiten, verwendet die Landseer-Nothilfe e.V. finanzielle Zuwendungen nur f\u00fcr die F\u00f6rderung des Tierschutzes. Das bedeutet:<\/p>\n\n\n\n<h6 class=\"wp-block-heading\">Alle Spenden kommen ausschlie\u00dflich unseren Nothunden zugute!<\/h6>\n\n\n\n<div style=\"height:25px\" aria-hidden=\"true\" class=\"wp-block-spacer\"><\/div>\n\n\n\n<p>Auf Wunsch stellen wir gerne Spendenbescheinigungen aus.<\/p>\n\n\n\n<p>Herzlichen Dank im Voraus!<\/p>\n\n\n\n<div style=\"height:25px\" aria-hidden=\"true\" class=\"wp-block-spacer\"><\/div>\n\n\n\n<hr class=\"wp-block-separator has-text-color has-custom-blau-color has-alpha-channel-opacity has-custom-blau-background-color has-background\"\/>\n\n\n\n<div style=\"height:25px\" aria-hidden=\"true\" class=\"wp-block-spacer\"><\/div>\n\n\n\n<div class=\"wp-block-columns is-layout-flex wp-container-core-columns-is-layout-28f84493 wp-block-columns-is-layout-flex\">\n<div class=\"wp-block-column is-layout-flow wp-block-column-is-layout-flow\">\n<h4 class=\"wp-block-heading\">Landseer Nothilfe e.V.<\/h4>\n\n\n\n<p class=\"has-custom-dark-blue-color has-text-color has-link-color wp-elements-6d94de328b80cf18a85df944892c2c65\">Sparkasse Siegen<br>Kto.-Nummer:&nbsp; 480 100 86<br>BLZ:&nbsp; 460 500 01<br>IBAN:&nbsp; DE90 4605 0001 0048 0100 86<br>BIC:&nbsp; WELADED1SIE<\/p>\n<\/div>\n\n\n<\/div>\n\n\n\n<div style=\"height:50px\" aria-hidden=\"true\" class=\"wp-block-spacer\"><\/div>\n","protected":false},"excerpt":{"rendered":"<p>Wir m\u00f6chten die Welt f\u00fcr einige Fellnasen zu einem besseren Ort machen, indem wir f\u00fcr Landseer in Not ein neues, liebevolles Zuhause suchen. Dazu sind wir auf Ihre Hilfe und Ihre Unterst\u00fctzung angewiesen \u2013 durch Ihre Spende. Als gemeinn\u00fctzig anerkannte Organisation, in der alle ehrenamtlich arbeiten, verwendet die Landseer-Nothilfe e.V. finanzielle Zuwendungen nur f\u00fcr die [&hellip;]<\/p>\n","protected":false},"author":1,"featured_media":0,"parent":0,"menu_order":0,"comment_status":"closed","ping_status":"closed","template":"","meta":{"footnotes":""},"class_list":["post-299","page","type-page","status-publish","hentry"],"_links":{"self":[{"href":"https:\/\/landseer-nothilfe.de\/index.php\/wp-json\/wp\/v2\/pages\/299","targetHints":{"allow":["GET"]}}],"collection":[{"href":"https:\/\/landseer-nothilfe.de\/index.php\/wp-json\/wp\/v2\/pages"}],"about":[{"href":"https:\/\/landseer-nothilfe.de\/index.php\/wp-json\/wp\/v2\/types\/page"}],"author":[{"embeddable":true,"href":"https:\/\/landseer-nothilfe.de\/index.php\/wp-json\/wp\/v2\/users\/1"}],"replies":[{"embeddable":true,"href":"https:\/\/landseer-nothilfe.de\/index.php\/wp-json\/wp\/v2\/comments?post=299"}],"version-history":[{"count":16,"href":"https:\/\/landseer-nothilfe.de\/index.php\/wp-json\/wp\/v2\/pages\/299\/revisions"}],"predecessor-version":[{"id":1597,"href":"https:\/\/landseer-nothilfe.de\/index.php\/wp-json\/wp\/v2\/pages\/299\/revisions\/1597"}],"wp:attachment":[{"href":"https:\/\/landseer-nothilfe.de\/index.php\/wp-json\/wp\/v2\/media?parent=299"}],"curies":[{"name":"wp","href":"https:\/\/api.w.org\/{rel}","templated":true}]}}