{"id":294,"date":"2025-03-14T08:56:43","date_gmt":"2025-03-14T08:56:43","guid":{"rendered":"https:\/\/landseer-nothilfe.de\/?page_id=294"},"modified":"2025-11-25T14:51:11","modified_gmt":"2025-11-25T14:51:11","slug":"vermittlung","status":"publish","type":"page","link":"https:\/\/landseer-nothilfe.de\/index.php\/vermittlung\/","title":{"rendered":"Vermittlung"},"content":{"rendered":"\n<div style=\"height:50px\" aria-hidden=\"true\" class=\"wp-block-spacer\"><\/div>\n\n\n\n<h3 class=\"wp-block-heading\">Liebe Tierfreundin, lieber Tierfreund,<\/h3>\n\n\n\n<p class=\"has-link-color wp-elements-df8074cd8c572d4a9bd9e6235b0cb7b4\">wir haben es uns zur Aufgabe gemacht f\u00fcr die Landseer, die wir in der Notvermittlung haben, dauerhaft ein neues Zuhause zu finden.<\/p>\n\n\n\n<p class=\"has-link-color wp-elements-4acd517b3304588bbe04d2cd5c6333f2\">Ein Landseer ist mit seiner stattlichen Gr\u00f6\u00dfe kein kleiner Hund. Auch besitzt ein Landseer viele rassetypische Eigenschaften, die nicht f\u00fcr jeden Hundehalter oder f\u00fcr jede Umgebung geeignet sind. Weitere Informationen finden Sie auf unserer Seite unter:&nbsp;<a href=\"https:\/\/landseer-nothilfe.de\/index.php\/landseer\/\" data-type=\"page\" data-id=\"282\">Landseer<\/a>.<\/p>\n\n\n\n<div style=\"height:50px\" aria-hidden=\"true\" class=\"wp-block-spacer\"><\/div>\n\n\n\n<hr class=\"wp-block-separator has-text-color has-custom-blau-color has-alpha-channel-opacity has-custom-blau-background-color has-background\"\/>\n\n\n\n<h3 class=\"wp-block-heading\">Unser Anspruch<\/h3>\n\n\n\n<p class=\"has-link-color wp-elements-777ba5e44b06baba6fa691d5dddb78b9\">Das neue Zuhause sollte beispielsweise \u00fcber ausreichenden Platz verf\u00fcgen, damit sich die Hunde auch wohl f\u00fchlen k\u00f6nnen. Auch ist nicht jeder Landseer f\u00fcr jeden Besitzer gleich gut geeignet. Daher ist uns daran gelegen, dass sich nicht nur die Fellnase in ihrem neuen Zuhause wohl f\u00fchlt, sondern auch der neue Besitzer muss den f\u00fcr sich richtigen Hund erhalten.<\/p>\n\n\n\n<p class=\"has-link-color wp-elements-e69729a22cd07c469b433a5d2f23d4bd\">Niemandem ist damit geholfen, wenn ein Notfallhund zum \u201e<strong>Wanderpokal<\/strong>\u201c wird, weil die Chemie zwischen Hund und Mensch nicht f\u00fcr die Dauer gemacht ist.<\/p>\n\n\n\n<div style=\"height:50px\" aria-hidden=\"true\" class=\"wp-block-spacer\"><\/div>\n\n\n\n<hr class=\"wp-block-separator has-text-color has-custom-blau-color has-alpha-channel-opacity has-custom-blau-background-color has-background\"\/>\n\n\n\n<h3 class=\"wp-block-heading\">Was kommt auf mich zu?<\/h3>\n\n\n\n<p class=\"has-link-color wp-elements-3bab106db5e5c19fbb45293e58355249\">Bei uns wird daher nicht nur der Hund selbst auf \u201eHerz und Nieren\u201c \u00fcberpr\u00fcft, sondern wir versuchen uns auch ein Bild von seinem neuen Zuhause zu machen. Das bedeutet f\u00fcr Sie, der sich um einen Notfallhund bewerben m\u00f6chte, dass wir auch bei Ihnen eine sogenannte Vorkontrolle durchf\u00fchren und uns davon \u00fcberzeugen m\u00f6chten, dass wir den Hund in passende H\u00e4nde abgeben werden.<\/p>\n\n\n\n<p class=\"has-link-color wp-elements-a4d742f5cd6d14829d91bbeafc26fca5\">Auch ist es uns ein dringendes Anliegen, dass wir nach einer gewissen Eingew\u00f6hnungszeit von Herrchen, Frauchen und dem Vierbeiner, uns davon \u00fcberzeugen m\u00f6chten, dass sich alle mit ihrer Entscheidung wohl f\u00fchlen. Daher werden wir auch die ein oder andere Nachkontrolle nach vorheriger Terminabsprache bei Ihnen durchf\u00fchren und uns davon \u00fcberzeugen, den Hund in die richtigen H\u00e4nde abgegeben zu haben.<\/p>\n\n\n\n<div style=\"height:50px\" aria-hidden=\"true\" class=\"wp-block-spacer\"><\/div>\n\n\n\n<hr class=\"wp-block-separator has-text-color has-custom-blau-color has-alpha-channel-opacity has-custom-blau-background-color has-background\"\/>\n\n\n\n<h3 class=\"wp-block-heading\">Probleme? \u2013 Keine Probleme!<\/h3>\n\n\n\n<p class=\"has-link-color wp-elements-87724ccbef0393e9a5f06dc49abff441\">Wir stehen Ihnen nat\u00fcrlich auch f\u00fcr m\u00f6gliche Probleme, die sich eventuell ergeben haben, gerne mit Rat und Tat zur Verf\u00fcgung.<\/p>\n\n\n\n<p class=\"has-link-color wp-elements-0a038f9dc30c99df7af9da5e19b226aa\">Sei es Sie haben Fragen zur Ern\u00e4hrung oder Sie ben\u00f6tigen Tipps zur Erziehung selbst. Jeder Hund ist nun mal anders und es ist daher oft notwendig, die ein oder andere Erziehungsstrategie neu zu \u00fcberdenken und ggf. anzupassen. Wir lassen Sie hierbei nicht im Regen stehen, sondern versuchen Sie und den Hund dahingehend zu unterst\u00fctzen, dass ein harmonisches Zusammenleben entstehen kann.<\/p>\n\n\n\n<h6 class=\"wp-block-heading\">Wir helfen Ihnen gerne!<\/h6>\n\n\n\n<div style=\"height:50px\" aria-hidden=\"true\" class=\"wp-block-spacer\"><\/div>\n\n\n\n<hr class=\"wp-block-separator has-text-color has-custom-blau-color has-alpha-channel-opacity has-custom-blau-background-color has-background\"\/>\n\n\n\n<h3 class=\"wp-block-heading\">Ja, ich m\u00f6chte mich f\u00fcr die Aufnahme eines Notfallhundes bewerben. Was muss ich tun?<\/h3>\n\n\n\n<p>Wenn Sie sich mit dem Vorstehenden einverstanden erkl\u00e4ren k\u00f6nnen, haben Sie Ihr Herz auf dem rechten Fleck und wir werden uns dann selbstverst\u00e4ndlich darum bem\u00fchen den f\u00fcr Sie passenden Hund zu finden und an Sie weiter zu vermitteln.<\/p>\n\n\n\n<h6 class=\"wp-block-heading\">Aber bevor es soweit ist, kommt wie immer zuerst das B\u00fcrokratische.<\/h6>\n\n\n\n<p class=\"has-link-color wp-elements-8ec23169a86fc792e6618891ed24eedb\">Um sich f\u00fcr einen Notfallhund zu bewerben, m\u00f6chten wir Sie darum bitten, unter den nachfolgend aufgef\u00fchrten Links, die entsprechenden PDF-Dateien auszuf\u00fcllen und an uns zur\u00fcckzusenden. Hiernach werden wir uns zeitnah bei Ihnen melden und alles weitere besprechen.<\/p>\n\n\n\n<p class=\"has-link-color wp-elements-820c355f9cd9ebfe7d8720989512c99c\">Gerne stehen wir Ihnen auch f\u00fcr weitere Fragen zur Verf\u00fcgung.<\/p>\n\n\n\n<div style=\"height:50px\" aria-hidden=\"true\" class=\"wp-block-spacer\"><\/div>\n\n\n\n<div class=\"wp-block-group has-global-padding is-layout-constrained wp-container-core-group-is-layout-c385debf wp-block-group-is-layout-constrained\" style=\"border-style:none;border-width:0px;padding-top:var(--wp--preset--spacing--20);padding-right:var(--wp--preset--spacing--20);padding-bottom:var(--wp--preset--spacing--20);padding-left:var(--wp--preset--spacing--20)\">\n<div class=\"wp-block-group has-base-2-background-color has-background has-global-padding is-layout-constrained wp-container-core-group-is-layout-3711f9ca wp-block-group-is-layout-constrained\" style=\"border-radius:25px;padding-top:var(--wp--preset--spacing--20);padding-right:var(--wp--preset--spacing--20);padding-bottom:var(--wp--preset--spacing--20);padding-left:var(--wp--preset--spacing--20)\">\n<div style=\"height:25px\" aria-hidden=\"true\" class=\"wp-block-spacer\"><\/div>\n\n\n\n<h2 class=\"wp-block-heading has-custom-color-1-color has-text-color has-link-color wp-elements-c41ea5f737fec68f7e734feacc13c928\">Landseer in Not \u2013 aktuelle Notf\u00e4lle  <\/h2>\n\n\n\n<div style=\"height:50px\" aria-hidden=\"true\" class=\"wp-block-spacer\"><\/div>\n\n\n\n<div class=\"wp-block-group has-global-padding is-layout-constrained wp-container-core-group-is-layout-7db9d80f wp-block-group-is-layout-constrained\" style=\"border-style:none;border-width:0px;border-radius:10px;padding-right:0;padding-left:0\">\n<div class=\"wp-block-query alignwide is-layout-flow wp-block-query-is-layout-flow\">\n<div class=\"wp-block-group is-layout-flow wp-block-group-is-layout-flow\" style=\"margin-top:0;margin-bottom:0;padding-top:0;padding-right:0;padding-bottom:0;padding-left:0\"><ul class=\"columns-3 alignfull wp-block-post-template is-layout-grid wp-container-core-post-template-is-layout-2d080239 wp-block-post-template-is-layout-grid\"><li class=\"wp-block-post post-1683 post type-post status-publish format-standard has-post-thumbnail hentry category-notfallhunde\">\n<figure style=\"aspect-ratio:1; padding-bottom:0;margin-bottom:0;margin-top:0;\" class=\"wp-block-post-featured-image\"><a href=\"https:\/\/landseer-nothilfe.de\/index.php\/2026\/03\/27\/finn-der-kuschelbaer\/\" target=\"_self\"  ><img loading=\"lazy\" decoding=\"async\" width=\"1200\" height=\"1600\" src=\"https:\/\/landseer-nothilfe.de\/wp-content\/uploads\/2026\/03\/c8613995-bad7-45a5-a979-6f6456ecf9d2.jpeg\" class=\"attachment-post-thumbnail size-post-thumbnail wp-post-image\" alt=\"Finn der Kuschelb\u00e4r\" style=\"border-radius:0px;width:100%;height:100%;object-fit:cover;\" \/><\/a><\/figure>\n\n\n<div class=\"wp-block-group is-vertical is-nowrap is-layout-flex wp-container-core-group-is-layout-97ba36a5 wp-block-group-is-layout-flex\" style=\"margin-top:var(--wp--preset--spacing--20);padding-top:0;font-size:clamp(0.984rem, 0.984rem + ((1vw - 0.2rem) * 0.645), 1.5rem);\"><h4 style=\"font-size:clamp(1.011rem, 1.011rem + ((1vw - 0.2rem) * 0.674), 1.55rem);\" class=\"wp-block-post-title wp-container-content-32e3a40d\">Finn der Kuschelb\u00e4r<\/h4>\n\n<div style=\"font-size:clamp(0.875rem, 0.875rem + ((1vw - 0.2rem) * 0.406), 1.2rem);font-style:normal;font-weight:500;\" class=\"has-link-color wp-elements-3d3b385a2ea44ccb247a87deef346ba6 wp-block-post-date has-text-color has-custom-dark-blue-color\"><time datetime=\"2026-03-27T19:33:10+00:00\">27. M\u00e4rz 2026<\/time><\/div>\n\n<div style=\"font-size:clamp(0.984rem, 0.984rem + ((1vw - 0.2rem) * 0.645), 1.5rem);\" class=\"wp-block-post-excerpt\"><p class=\"wp-block-post-excerpt__excerpt\">Kuschelb\u00e4r Finn &#8211; 5 Jahre jung, nicht kastriert sucht ein neues Zuhause. Finn ist ein ruhiger, ausgeglichener Hund der gerne immer dabei ist. Er kommt gut mit Kindern zurecht und f\u00e4hrt gerne Auto. Finn wohnt in \u00d6sterreich \/ in der N\u00e4he von Wien. Bei ernsthaftem Interesse melden Sie sich gerne unter: 0177 35 58 001<\/p><p class=\"wp-block-post-excerpt__more-text\"><a class=\"wp-block-post-excerpt__more-link\" href=\"https:\/\/landseer-nothilfe.de\/index.php\/2026\/03\/27\/finn-der-kuschelbaer\/\">Weiterlesen &#8230;<\/a><\/p><\/div>\n\n\n<div style=\"height:0px\" aria-hidden=\"true\" class=\"wp-block-spacer wp-container-content-32e3a40d\"><\/div>\n<\/div>\n\n<\/li><li class=\"wp-block-post post-1679 post type-post status-publish format-standard has-post-thumbnail hentry category-notfallhunde\">\n<figure style=\"aspect-ratio:1; padding-bottom:0;margin-bottom:0;margin-top:0;\" class=\"wp-block-post-featured-image\"><a href=\"https:\/\/landseer-nothilfe.de\/index.php\/2026\/03\/27\/bolle-der-bernhardiner\/\" target=\"_self\"  ><img loading=\"lazy\" decoding=\"async\" width=\"355\" height=\"365\" src=\"https:\/\/landseer-nothilfe.de\/wp-content\/uploads\/2026\/03\/d54175d8-4b20-4574-ab76-d4e7a5c2cb1d.jpeg\" class=\"attachment-post-thumbnail size-post-thumbnail wp-post-image\" alt=\"Bolle der Bernhardiner\" style=\"border-radius:0px;width:100%;height:100%;object-fit:cover;\" srcset=\"https:\/\/landseer-nothilfe.de\/wp-content\/uploads\/2026\/03\/d54175d8-4b20-4574-ab76-d4e7a5c2cb1d.jpeg 355w, https:\/\/landseer-nothilfe.de\/wp-content\/uploads\/2026\/03\/d54175d8-4b20-4574-ab76-d4e7a5c2cb1d-292x300.jpeg 292w\" sizes=\"auto, (max-width: 355px) 100vw, 355px\" \/><\/a><\/figure>\n\n\n<div class=\"wp-block-group is-vertical is-nowrap is-layout-flex wp-container-core-group-is-layout-97ba36a5 wp-block-group-is-layout-flex\" style=\"margin-top:var(--wp--preset--spacing--20);padding-top:0;font-size:clamp(0.984rem, 0.984rem + ((1vw - 0.2rem) * 0.645), 1.5rem);\"><h4 style=\"font-size:clamp(1.011rem, 1.011rem + ((1vw - 0.2rem) * 0.674), 1.55rem);\" class=\"wp-block-post-title wp-container-content-32e3a40d\">Bolle der Bernhardiner<\/h4>\n\n<div style=\"font-size:clamp(0.875rem, 0.875rem + ((1vw - 0.2rem) * 0.406), 1.2rem);font-style:normal;font-weight:500;\" class=\"has-link-color wp-elements-3d3b385a2ea44ccb247a87deef346ba6 wp-block-post-date has-text-color has-custom-dark-blue-color\"><time datetime=\"2026-03-27T19:17:20+00:00\">27. M\u00e4rz 2026<\/time><\/div>\n\n<div style=\"font-size:clamp(0.984rem, 0.984rem + ((1vw - 0.2rem) * 0.645), 1.5rem);\" class=\"wp-block-post-excerpt\"><p class=\"wp-block-post-excerpt__excerpt\">Wir wurden gebeten bei der Vermittlung eines Bernhardiners zu helfen und dieser Bitte kommen wir hiermit sehr gerne nach. Vermittelt wird Bolle, ein 4 Jahre alter, unkastrierter Bernhardiner Bub. Bolle wird beschrieben als Traum-Kumpel. Er f\u00e4hrt gerne Auto und zeigt Spieltrieb bei anderen Hunden. Zu Hause ist er ruhig und lieb, au\u00dfer bei Besuch &#8230;<\/p><p class=\"wp-block-post-excerpt__more-text\"><a class=\"wp-block-post-excerpt__more-link\" href=\"https:\/\/landseer-nothilfe.de\/index.php\/2026\/03\/27\/bolle-der-bernhardiner\/\">Weiterlesen &#8230;<\/a><\/p><\/div>\n\n\n<div style=\"height:0px\" aria-hidden=\"true\" class=\"wp-block-spacer wp-container-content-32e3a40d\"><\/div>\n<\/div>\n\n<\/li><\/ul><\/div>\n<\/div>\n\n\n\n<p class=\"has-text-align-center has-link-color wp-elements-21fdebfb60c4d8b6d5f5b9870dd037d4\"><a href=\"https:\/\/landseer-nothilfe.de\/index.php\/landseer-in-not\/\" data-type=\"page\" data-id=\"449\">Weitere Notf\u00e4lle<\/a><\/p>\n\n\n\n<div style=\"height:10px\" aria-hidden=\"true\" class=\"wp-block-spacer\"><\/div>\n<\/div>\n<\/div>\n<\/div>\n\n\n\n<div style=\"height:50px\" aria-hidden=\"true\" class=\"wp-block-spacer\"><\/div>\n\n\n\n<hr class=\"wp-block-separator has-text-color has-custom-blau-color has-alpha-channel-opacity has-custom-blau-background-color has-background is-style-default\"\/>\n\n\n\n<h3 class=\"wp-block-heading\">Kontakt<\/h3>\n\n\n\n<h5 class=\"wp-block-heading\">Silvia Backes<\/h5>\n\n\n\n<p class=\"has-contrast-2-color has-text-color has-link-color wp-elements-23efdd12a895b5aa59c412dd54eba034\">Telefon:&nbsp;<a href=\"tel:+491773558001\">+49 (0) 177 \u2013 3 55 80 01<\/a> <br><a href=\"mailto:vorstand@landseer-nothilfe.de\"><\/a><a href=\"mailto:notlandseer@landseer-nothilfe.de\">notlandseer@landseer-nothilfe.de<\/a><br><\/p>\n\n\n\n<div style=\"height:25px\" aria-hidden=\"true\" class=\"wp-block-spacer\"><\/div>\n\n\n\n<h5 class=\"wp-block-heading\">Werner Graff Eussen<\/h5>\n\n\n\n<p class=\"has-contrast-2-color has-text-color has-link-color wp-elements-1cdb73b80796a072d9362ed6946d494e\">Telefon:&nbsp;<a href=\"tel:+4967728717\">+31 6 41 68 50 14<\/a><br><a href=\"mailto:vorstand@landseer-nothilfe.de\">vorstand@landseer-nothilfe.de<\/a><\/p>\n\n\n\n<div style=\"height:100px\" aria-hidden=\"true\" class=\"wp-block-spacer\"><\/div>\n\n\n\n<hr class=\"wp-block-separator has-text-color has-custom-blau-color has-alpha-channel-opacity has-custom-blau-background-color has-background is-style-default\"\/>\n\n\n\n<div style=\"height:25px\" aria-hidden=\"true\" class=\"wp-block-spacer\"><\/div>\n\n\n\n<h3 class=\"wp-block-heading\">Formulare<\/h3>\n\n\n\n<p class=\"has-link-color wp-elements-8338afb0d265925501310d4148577d53\"><a href=\"https:\/\/landseer-nothilfe.de\/wp-content\/uploads\/2025\/11\/Bewerbung-um-Nothund-komplett.pdf\">Bewerbung um einen Nothund (PDF-Datei)<br><\/a><a href=\"https:\/\/landseer-nothilfe.de\/wp-content\/uploads\/2025\/03\/vermittlungs_informationen_bewerber_2310.pdf\">Vermittlungsarbeit Informationen f\u00fcr Bewerber (PDF-Datei)<br><\/a><a href=\"https:\/\/landseer-nothilfe.de\/wp-content\/uploads\/2025\/11\/Vermittlungsauftrag-2507.pdf\">Vermittlungsauftrag (PDF-Datei)<br><\/a><a href=\"https:\/\/landseer-nothilfe.de\/wp-content\/uploads\/2025\/03\/vermittlungsarbeitinformationen_lnh.pdf\">Vermittlungsarbeit Informationen f\u00fcr Notf\u00e4lle (PDF-Datei)<\/a><\/p>\n\n\n\n<p class=\"has-link-color wp-elements-cae5747d6c95b2b1a96e3f8a42af581c\"><a href=\"https:\/\/landseer-nothilfe.de\/wp-content\/uploads\/2025\/11\/Landseer-Nothilfe-Datenschutz.pdf\">Datenschutzerkl\u00e4rung f\u00fcr die Erhebung von personenbezogenen Daten f\u00fcr die Vermittlung bzw. Abgabe eines Nothundes<\/a><\/p>\n\n\n\n<div style=\"height:100px\" aria-hidden=\"true\" class=\"wp-block-spacer\"><\/div>\n","protected":false},"excerpt":{"rendered":"<p>Liebe Tierfreundin, lieber Tierfreund, wir haben es uns zur Aufgabe gemacht f\u00fcr die Landseer, die wir in der Notvermittlung haben, dauerhaft ein neues Zuhause zu finden. Ein Landseer ist mit seiner stattlichen Gr\u00f6\u00dfe kein kleiner Hund. Auch besitzt ein Landseer viele rassetypische Eigenschaften, die nicht f\u00fcr jeden Hundehalter oder f\u00fcr jede Umgebung geeignet sind. Weitere [&hellip;]<\/p>\n","protected":false},"author":1,"featured_media":0,"parent":0,"menu_order":0,"comment_status":"closed","ping_status":"closed","template":"","meta":{"footnotes":""},"class_list":["post-294","page","type-page","status-publish","hentry"],"_links":{"self":[{"href":"https:\/\/landseer-nothilfe.de\/index.php\/wp-json\/wp\/v2\/pages\/294","targetHints":{"allow":["GET"]}}],"collection":[{"href":"https:\/\/landseer-nothilfe.de\/index.php\/wp-json\/wp\/v2\/pages"}],"about":[{"href":"https:\/\/landseer-nothilfe.de\/index.php\/wp-json\/wp\/v2\/types\/page"}],"author":[{"embeddable":true,"href":"https:\/\/landseer-nothilfe.de\/index.php\/wp-json\/wp\/v2\/users\/1"}],"replies":[{"embeddable":true,"href":"https:\/\/landseer-nothilfe.de\/index.php\/wp-json\/wp\/v2\/comments?post=294"}],"version-history":[{"count":24,"href":"https:\/\/landseer-nothilfe.de\/index.php\/wp-json\/wp\/v2\/pages\/294\/revisions"}],"predecessor-version":[{"id":1494,"href":"https:\/\/landseer-nothilfe.de\/index.php\/wp-json\/wp\/v2\/pages\/294\/revisions\/1494"}],"wp:attachment":[{"href":"https:\/\/landseer-nothilfe.de\/index.php\/wp-json\/wp\/v2\/media?parent=294"}],"curies":[{"name":"wp","href":"https:\/\/api.w.org\/{rel}","templated":true}]}}