{"id":282,"date":"2025-03-14T08:12:26","date_gmt":"2025-03-14T08:12:26","guid":{"rendered":"https:\/\/landseer-nothilfe.de\/?page_id=282"},"modified":"2025-05-16T09:09:36","modified_gmt":"2025-05-16T09:09:36","slug":"landseer","status":"publish","type":"page","link":"https:\/\/landseer-nothilfe.de\/index.php\/landseer\/","title":{"rendered":"Landseer"},"content":{"rendered":"\n<div style=\"height:50px\" aria-hidden=\"true\" class=\"wp-block-spacer\"><\/div>\n\n\n\n<hr class=\"wp-block-separator has-text-color has-custom-blau-color has-alpha-channel-opacity has-custom-blau-background-color has-background\"\/>\n\n\n\n<h2 class=\"wp-block-heading has-text-align-center\">Herkunft und Geschichte<\/h2>\n\n\n\n<div style=\"height:25px\" aria-hidden=\"true\" class=\"wp-block-spacer\"><\/div>\n\n\n\n<p>Neufundl\u00e4nder und Landseer sind sehr alte Rassen, wobei man sich nicht einig war, ob es sich um eine Rasse mit Fellvarianten oder um zwei unterschiedliche Rassen mit der gleichen Herkunft -Neufundland handelte.<\/p>\n\n\n\n<p>Es ist anzunehmen, dass der Landseer dennoch von Hunden der ,,alten\u201c Welt abstammt. Baskische Walf\u00e4nger \u00fcberwinterten als Erste im n\u00f6rdlichen Teil Neufundlands. Es ist wahrscheinlich, dass sie von gro\u00dfen nordspanischen Hunden begleitet wurden, die im Fr\u00fchjahr h\u00e4ufig zur\u00fcckgelassen wurden.<\/p>\n\n\n\n<div style=\"height:50px\" aria-hidden=\"true\" class=\"wp-block-spacer\"><\/div>\n\n\n\n<hr class=\"wp-block-separator has-text-color has-custom-blau-color has-alpha-channel-opacity has-custom-blau-background-color has-background\"\/>\n\n\n\n<h3 class=\"wp-block-heading\">Haben m\u00f6glicherweise Landseer und Pyren\u00e4enberghunde gemeinsame Vorfahren?<\/h3>\n\n\n\n<p>Der Landseer Typ wurde in England als erstes bekannt, der schwarze, der heute Neufundl\u00e4nder genannt wird (in den Farben Schwarz, Braun, Grau, Schwarz-Wei\u00df und neuerdings Grau-Wei\u00df), trat erst sehr viel sp\u00e4ter verst\u00e4rkt in Erscheinung (ab etwa 1850). Beide Hunde entstanden auf Neufundland, aus von Schiffen mitgebrachten gro\u00dfen Schiffshunden, die hier die Aufgabe hatten Lasten zu tragen, Netze mit an Land zu ziehen, praktisch als Pferdeersatz. Im Winter wurden sich die Hunde auf Neufundland selbst \u00fcberlassen, was zu einer umweltbedingten Selektion f\u00fchrte.<\/p>\n\n\n\n<p>Wiederum \u00fcber die Schifffahrt kamen diese Hunde schon fr\u00fch nach England, in der Regel der wei\u00df-schwarze, wo er schnell begeisterte.<\/p>\n\n\n\n<div style=\"height:50px\" aria-hidden=\"true\" class=\"wp-block-spacer\"><\/div>\n\n\n\n<hr class=\"wp-block-separator has-text-color has-custom-blau-color has-alpha-channel-opacity has-custom-blau-background-color has-background\"\/>\n\n\n\n<h3 class=\"wp-block-heading\">Woher hat der Landseer seinen Namen?<\/h3>\n\n\n\n<p>Der Maler Sir Edwin Henry Landseer malte im Auftrag diesen Hund immer wieder, was die Bekanntheit des Hundes noch steigerte, das ging so weit, dass der Maler seinen Namen der Rasse&nbsp; \u201evermachte\u201c.<\/p>\n\n\n\n<div style=\"height:50px\" aria-hidden=\"true\" class=\"wp-block-spacer\"><\/div>\n\n\n\n<div class=\"wp-block-group has-global-padding is-layout-constrained wp-block-group-is-layout-constrained\">\n<div class=\"wp-block-group alignfull has-contrast-3-background-color has-background has-global-padding is-layout-constrained wp-container-core-group-is-layout-7cdede16 wp-block-group-is-layout-constrained\" style=\"border-radius:25px;margin-top:0;margin-bottom:0;padding-top:var(--wp--preset--spacing--40);padding-right:var(--wp--preset--spacing--20);padding-bottom:var(--wp--preset--spacing--40);padding-left:var(--wp--preset--spacing--20)\">\n<div class=\"wp-block-columns alignwide is-layout-flex wp-container-core-columns-is-layout-fef0e728 wp-block-columns-is-layout-flex\">\n<div class=\"wp-block-column is-vertically-aligned-center is-layout-flow wp-block-column-is-layout-flow\" style=\"flex-basis:60%\">\n<figure class=\"wp-block-image size-full is-resized has-custom-border is-style-rounded wp-duotone-duotone-1 is-style-rounded--1\"><img loading=\"lazy\" decoding=\"async\" width=\"568\" height=\"768\" src=\"https:\/\/landseer-nothilfe.de\/wp-content\/uploads\/2025\/03\/Watkins_-_Edwin_Landseer.jpg\" alt=\"\" class=\"wp-image-286\" style=\"border-radius:0px;aspect-ratio:1.3333333333333333;object-fit:contain;width:726px;height:auto\" srcset=\"https:\/\/landseer-nothilfe.de\/wp-content\/uploads\/2025\/03\/Watkins_-_Edwin_Landseer.jpg 568w, https:\/\/landseer-nothilfe.de\/wp-content\/uploads\/2025\/03\/Watkins_-_Edwin_Landseer-222x300.jpg 222w\" sizes=\"auto, (max-width: 568px) 100vw, 568px\" \/><\/figure>\n<\/div>\n\n\n\n<div class=\"wp-block-column is-layout-flow wp-block-column-is-layout-flow\" style=\"flex-basis:40%\">\n<h2 class=\"wp-block-heading\">Sir Edwin Henry Landseer<\/h2>\n\n\n\n<p class=\"has-link-color wp-elements-0435909969f80858f94ee4c6a7ce8526\"><\/p>\n\n\n\n<p class=\"has-link-color wp-elements-2e5890abc2718c53d43ada2b10102eaf\">J.C. Watkins: Portrait of Sir&nbsp;<a href=\"https:\/\/en.wikipedia.org\/wiki\/Edwin_Henry_Landseer\">Edwin Landseer<\/a>&nbsp;(1802\u20131873), 19th century<\/p>\n\n\n\n<p class=\"has-link-color wp-elements-f99046a1dc9e3fc6da1366026f127a08\"><a href=\"https:\/\/www.rct.uk\/collection\/search#\/-\/collection\/2911991\">Royal Collection RCIN 2911991<\/a> (<a href=\"http:\/\/www.royalcollection.org.uk\/collection\/2911991\/sir-edwin-landseer-r-a-in-portraits-c-1850-1883\">working link<\/a>)<\/p>\n\n\n\n<p class=\"has-link-color wp-elements-cc3697a07ecc3ab940c1df944ecfb5d4\">Author: London Stereoscopic &amp; Photographic Co<\/p>\n<\/div>\n<\/div>\n<\/div>\n<\/div>\n\n\n\n<div style=\"height:25px\" aria-hidden=\"true\" class=\"wp-block-spacer\"><\/div>\n\n\n\n<p>1860 wurde der \u201e<strong>Newfoundland Club<\/strong>\u201c in England gegr\u00fcndet, der beide Typen verwaltete.<\/p>\n\n\n\n<p>Schon fr\u00fch begann der Streit um einen Standard, zwischen den Bef\u00fcrwortern des schwarzen und den Anh\u00e4ngern der wei\u00df-schwarz gefleckten Hunde. In Kontinentaleuropa, in Deutschland und&nbsp; in der Schweiz, wurden beide Linien weiterhin rein verpaart.<\/p>\n\n\n\n<p>1960 erkannte die F\u00e9d\u00e9ration Cynologique internationale beide als eigenst\u00e4ndige Rassen an.<\/p>\n\n\n\n<div style=\"height:50px\" aria-hidden=\"true\" class=\"wp-block-spacer\"><\/div>\n","protected":false},"excerpt":{"rendered":"<p>Herkunft und Geschichte Neufundl\u00e4nder und Landseer sind sehr alte Rassen, wobei man sich nicht einig war, ob es sich um eine Rasse mit Fellvarianten oder um zwei unterschiedliche Rassen mit der gleichen Herkunft -Neufundland handelte. Es ist anzunehmen, dass der Landseer dennoch von Hunden der ,,alten\u201c Welt abstammt. Baskische Walf\u00e4nger \u00fcberwinterten als Erste im n\u00f6rdlichen [&hellip;]<\/p>\n","protected":false},"author":1,"featured_media":0,"parent":0,"menu_order":0,"comment_status":"closed","ping_status":"closed","template":"","meta":{"footnotes":""},"class_list":["post-282","page","type-page","status-publish","hentry"],"_links":{"self":[{"href":"https:\/\/landseer-nothilfe.de\/index.php\/wp-json\/wp\/v2\/pages\/282","targetHints":{"allow":["GET"]}}],"collection":[{"href":"https:\/\/landseer-nothilfe.de\/index.php\/wp-json\/wp\/v2\/pages"}],"about":[{"href":"https:\/\/landseer-nothilfe.de\/index.php\/wp-json\/wp\/v2\/types\/page"}],"author":[{"embeddable":true,"href":"https:\/\/landseer-nothilfe.de\/index.php\/wp-json\/wp\/v2\/users\/1"}],"replies":[{"embeddable":true,"href":"https:\/\/landseer-nothilfe.de\/index.php\/wp-json\/wp\/v2\/comments?post=282"}],"version-history":[{"count":8,"href":"https:\/\/landseer-nothilfe.de\/index.php\/wp-json\/wp\/v2\/pages\/282\/revisions"}],"predecessor-version":[{"id":989,"href":"https:\/\/landseer-nothilfe.de\/index.php\/wp-json\/wp\/v2\/pages\/282\/revisions\/989"}],"wp:attachment":[{"href":"https:\/\/landseer-nothilfe.de\/index.php\/wp-json\/wp\/v2\/media?parent=282"}],"curies":[{"name":"wp","href":"https:\/\/api.w.org\/{rel}","templated":true}]}}