{"id":259,"date":"2025-03-14T07:20:48","date_gmt":"2025-03-14T07:20:48","guid":{"rendered":"https:\/\/landseer-nothilfe.de\/?page_id=259"},"modified":"2026-04-02T07:17:16","modified_gmt":"2026-04-02T07:17:16","slug":"vereinsvorstellung","status":"publish","type":"page","link":"https:\/\/landseer-nothilfe.de\/index.php\/vereinsvorstellung\/","title":{"rendered":"Vereinsvorstellung"},"content":{"rendered":"\n<div style=\"height:50px\" aria-hidden=\"true\" class=\"wp-block-spacer\"><\/div>\n\n\n\n<p class=\"has-link-color wp-elements-20fbe50efe73c43d1cd04e067aee5b5d\">Die Landseer-Nothilfe e. V. wurde im Jahr 2007 gegr\u00fcndet.<\/p>\n\n\n\n<p class=\"has-link-color wp-elements-c34f1fd023097be13111dda76212df84\">Wir haben es uns zur Aufgabe gemacht, f\u00fcr die in Not geratenen Landseer ein neues Zuhause zu finden. Wir helfen bei der Vermittlung und bieten Hilfe bei Erziehungsfragen, Ern\u00e4hrung und Gesundheit. Dabei spielen bei uns die Herkunft der Hunde oder Ihre Vereinszugeh\u00f6rigkeit keine Rolle.<\/p>\n\n\n\n<p class=\"has-link-color wp-elements-735534d4c8ae0880196e077309e00f71\">Immer wieder kann es passieren, dass Landseer aus verschiedenen Gr\u00fcnden, wie beispielsweise Wohnungswechsel, Todesfall, Scheidung oder Krankheit, in Not geraten. In diesen F\u00e4llen haben wir es uns zur Aufgabe gemacht, gezielte Hilfe zu leisten.<\/p>\n\n\n\n<p class=\"has-link-color wp-elements-765374468be640853fb6019b60e6b2cd\">Die Aufgaben der \u201eLandseer-Nothilfe\u201c beinhalten die Unterbringung auf Pflegestellen und nat\u00fcrlich die Vermittlung in ein neues Zuhause.<\/p>\n\n\n\n<p class=\"has-link-color wp-elements-0492964f624f9058aafb872723002e86\">Da die Landseer reine Familienhunde sind und sich Zwingerhaltung als absolut sch\u00e4dlich f\u00fcr die Psyche der Tiere rausgestellt hat, ist es unser Anliegen, dass die Hunde bei der Notvermittlung nicht in ein Tierheim einziehen m\u00fcssen. Daher unsere Bitte sich so fr\u00fch wie m\u00f6glich zu melden, sollte Ihr Landseer ein neues zu Hause suchen.<\/p>\n\n\n\n<p class=\"has-link-color wp-elements-1f55c6e07e2878f660ef43ed9a227d5b\">Wenn Sie sich dazu entschlossen haben einem Landseer ein neues Zuhause zu geben, dann erhalten Sie weitere Informationen unter:&nbsp;<a href=\"#\">Vermittlung<\/a><\/p>\n\n\n\n<p class=\"has-link-color wp-elements-90f4c1a93561174030a211ab54e034bb\">Eine direkte Vermittlung in eine neue Familie ist die beste Alternative. Wir verstehen uns aber nicht nur als reine Vermittler in Notf\u00e4llen, vielmehr m\u00f6chten wir Landseer-Besitzern mit Rat und Tat zu Seite stehen.<\/p>\n\n\n\n<p class=\"has-link-color wp-elements-3668c7f1397e48cdecdd531b95ccb5de\">Gerne k\u00f6nnen Sie an den Landseertreffen teilnehmen, die unter&nbsp;<a href=\"https:\/\/landseer-nothilfe.de\/index.php\/aktuelles\/\" data-type=\"page\" data-id=\"82\">Aktuelles<\/a>&nbsp;bekannt gegeben werden.<\/p>\n\n\n\n<p class=\"has-link-color wp-elements-834784640986ed302f54a348c8b0bdb2\">Die Landseer-Nothilfe ist vom Finanzamt Sankt Augustin als steuerbeg\u00fcnstigt und f\u00f6rderungsw\u00fcrdig anerkannt. F\u00fcr jede&nbsp;<a href=\"#\">Spende<\/a>&nbsp;erhalten Sie selbstverst\u00e4ndlich eine steuerabzugsf\u00e4hige Spendenquittung zur Vorlage beim Finanzamt.<\/p>\n\n\n\n<p class=\"has-link-color wp-elements-5c6431ec12dfa628786ce1a91156f9ac\">Die Landseer-Nothilfe erh\u00e4lt f\u00fcr ihre gemeinn\u00fctzig anerkannte T\u00e4tigkeit keinerlei \u00f6ffentliche Zusch\u00fcsse. Wir finanzieren unsere Arbeit allein aus Mitgliedsbeitr\u00e4gen und Spenden. Da wir das uns zur Verf\u00fcgung stehende Geld der direkten Tierschutzarbeit zuf\u00fchren, sind wir auf Spenden und Zuwendungen in besonderem Ma\u00dfe angewiesen.<\/p>\n\n\n\n<p class=\"has-link-color wp-elements-3d7def21718daf68f378b48c3cda5ab8\">Die Pflegestellen erhalten auf Nachweis, Leistungen zur Begleichung der anfallenden Kosten f\u00fcr die Pflege der Nothunde (Tierarztkosten, Impfungen).<\/p>\n\n\n\n<p class=\"has-link-color wp-elements-112479e3b4fb3dddb077a8116be6f465\">Sie sehen also, wenn Sie noch Fragen rund um den Landseer haben, finden Sie in uns einen kompetenten, zuverl\u00e4ssigen und vereinsunabh\u00e4ngigen Partner.<\/p>\n\n\n\n<p class=\"has-link-color wp-elements-ae42b79e325f08340f29534c350e21e0\">Rufen Sie einfach an oder schicken Sie uns eine E-Mail, wir helfen Ihnen gerne weiter.<\/p>\n\n\n\n<p class=\"has-link-color wp-elements-aa8785b82b36e1fb364df645d13ba24e\">F\u00fcr Anregungen und Kritik sind wir jederzeit offen und freuen uns \u00fcber jeden Verbesserungsvorschlag.<\/p>\n\n\n\n<div style=\"height:25px\" aria-hidden=\"true\" class=\"wp-block-spacer\"><\/div>\n\n\n\n<div class=\"wp-block-group has-base-2-background-color has-background has-link-color wp-elements-2a125680b7f97d867a0885af6823b894 has-global-padding is-layout-constrained wp-container-core-group-is-layout-cc5218b1 wp-block-group-is-layout-constrained\" style=\"border-radius:25px;padding-top:var(--wp--preset--spacing--20);padding-right:var(--wp--preset--spacing--30);padding-bottom:var(--wp--preset--spacing--20);padding-left:var(--wp--preset--spacing--30)\">\n<h6 class=\"wp-block-heading\">An dieser Stelle m\u00f6chte sich die Landseer-Nothilfe e. V. bedanken bei allen Pflegestellen, Landseerfreunden, die Vorkontrollen durchf\u00fchren, sowie bei allen Mitgliedern und G\u00f6nnern.<\/h6>\n\n\n\n<h4 class=\"wp-block-heading\">Sie haben Interesse an einer Mitgliedschaft?<\/h4>\n\n\n\n<p>Dann finden Sie hier unseren\u00a0\u00a0<a href=\"https:\/\/landseer-nothilfe.de\/wp-content\/uploads\/2025\/11\/Aufnahmeantrag_LNH_2507.pdf\">Aufnahmeantrag<\/a>, sowie unsere\u00a0<a href=\"https:\/\/landseer-nothilfe.de\/wp-content\/uploads\/2025\/11\/LNH-Satzung-2025.pdf\">Satzung (PDF-Datei)<\/a><\/p>\n<\/div>\n\n\n\n<div style=\"height:25px\" aria-hidden=\"true\" class=\"wp-block-spacer\"><\/div>\n\n\n\n<div class=\"wp-block-group has-global-padding is-layout-constrained wp-container-core-group-is-layout-3711f9ca wp-block-group-is-layout-constrained\" style=\"padding-top:var(--wp--preset--spacing--20);padding-right:var(--wp--preset--spacing--20);padding-bottom:var(--wp--preset--spacing--20);padding-left:var(--wp--preset--spacing--20)\">\n<hr class=\"wp-block-separator has-text-color has-custom-blau-color has-alpha-channel-opacity has-custom-blau-background-color has-background\"\/>\n\n\n\n<h1 class=\"wp-block-heading has-text-align-center\">Unser Team<\/h1>\n\n\n\n<div style=\"height:50px\" aria-hidden=\"true\" class=\"wp-block-spacer\"><\/div>\n\n\n\n<div class=\"wp-block-columns is-layout-flex wp-container-core-columns-is-layout-1146dd41 wp-block-columns-is-layout-flex\" style=\"padding-right:0;padding-left:0\">\n<div class=\"wp-block-column is-layout-flow wp-block-column-is-layout-flow\">\n<div class=\"wp-block-group is-vertical is-content-justification-center is-layout-flex wp-container-core-group-is-layout-b6c228df wp-block-group-is-layout-flex\" style=\"min-height:100%\">\n<div class=\"wp-block-group is-vertical is-content-justification-center is-layout-flex wp-container-core-group-is-layout-6363bf74 wp-block-group-is-layout-flex\">\n<figure class=\"wp-block-image size-full is-resized has-custom-border is-style-rounded is-style-rounded--1\" style=\"margin-top:0;margin-bottom:var(--wp--preset--spacing--10)\"><img loading=\"lazy\" decoding=\"async\" width=\"467\" height=\"462\" src=\"https:\/\/landseer-nothilfe.de\/wp-content\/uploads\/2025\/10\/Werner.jpg\" alt=\"\" class=\"wp-image-1138\" style=\"border-radius:100%;aspect-ratio:1;object-fit:cover;width:250px\" srcset=\"https:\/\/landseer-nothilfe.de\/wp-content\/uploads\/2025\/10\/Werner.jpg 467w, https:\/\/landseer-nothilfe.de\/wp-content\/uploads\/2025\/10\/Werner-300x297.jpg 300w\" sizes=\"auto, (max-width: 467px) 100vw, 467px\" \/><\/figure>\n\n\n\n<h5 class=\"wp-block-heading has-text-align-center\" style=\"font-size:clamp(1.146rem, 1.146rem + ((1vw - 0.2rem) * 0.818), 1.8rem);\">Werner Graff Eussen<\/h5>\n\n\n\n<h6 class=\"wp-block-heading has-text-align-center has-custom-blau-color has-text-color has-link-color wp-elements-415af254d3537153ed61d4ff5f8c6086\">1. Vorsitzender<\/h6>\n\n\n\n<p class=\"has-text-align-center has-contrast-2-color has-text-color has-link-color wp-elements-126dfd595c17e8c1a652bad18fc6400c\">Telefon: <a href=\"tel:0031641685014\">+31 6 41 68 50 14<\/a><br><a href=\"mailto:vorstand@landseer-nothilfe.de\">vorstand@landseer-nothilfe.de<\/a><\/p>\n<\/div>\n<\/div>\n<\/div>\n\n\n\n<div class=\"wp-block-column is-layout-flow wp-block-column-is-layout-flow\">\n<div class=\"wp-block-group is-vertical is-content-justification-center is-layout-flex wp-container-core-group-is-layout-b6c228df wp-block-group-is-layout-flex\" style=\"min-height:100%\">\n<div class=\"wp-block-group is-vertical is-content-justification-center is-layout-flex wp-container-core-group-is-layout-6363bf74 wp-block-group-is-layout-flex\">\n<figure class=\"wp-block-image size-full is-resized has-custom-border is-style-rounded is-style-rounded--2\" style=\"margin-bottom:var(--wp--preset--spacing--10)\"><img loading=\"lazy\" decoding=\"async\" width=\"299\" height=\"300\" src=\"https:\/\/landseer-nothilfe.de\/wp-content\/uploads\/2025\/03\/conny_wiebe_team.jpg\" alt=\"\" class=\"wp-image-50\" style=\"border-radius:100%;aspect-ratio:1;object-fit:cover;width:250px\" srcset=\"https:\/\/landseer-nothilfe.de\/wp-content\/uploads\/2025\/03\/conny_wiebe_team.jpg 299w, https:\/\/landseer-nothilfe.de\/wp-content\/uploads\/2025\/03\/conny_wiebe_team-150x150.jpg 150w\" sizes=\"auto, (max-width: 299px) 100vw, 299px\" \/><\/figure>\n\n\n\n<h5 class=\"wp-block-heading has-text-align-center\" style=\"font-size:clamp(1.146rem, 1.146rem + ((1vw - 0.2rem) * 0.818), 1.8rem);\">Conny Wiebe<\/h5>\n\n\n\n<h6 class=\"wp-block-heading has-text-align-center has-custom-blau-color has-text-color has-link-color wp-elements-1cd4d058cd7c0cdeec62e9e2c1d6303b\">Gesch\u00e4ftsf\u00fchrerin<\/h6>\n\n\n\n<p class=\"has-text-align-center has-contrast-2-color has-text-color has-link-color wp-elements-6409b050bc110e58c3a214fbee2ca8da\">Telefon: <a href=\"tel:00491795918512\">+49 (0) 179 591 85 12<\/a><br><a href=\"mailto:geschaeftsstelle@landseer-nothilfe.de\">geschaeftsstelle@landseer-nothilfe.de<\/a><\/p>\n<\/div>\n<\/div>\n<\/div>\n\n\n\n<div class=\"wp-block-column is-layout-flow wp-block-column-is-layout-flow\">\n<div class=\"wp-block-group is-vertical is-content-justification-center is-layout-flex wp-container-core-group-is-layout-b6c228df wp-block-group-is-layout-flex\" style=\"min-height:100%\">\n<div class=\"wp-block-group is-vertical is-content-justification-center is-layout-flex wp-container-core-group-is-layout-ce155fab wp-block-group-is-layout-flex\">\n<figure class=\"wp-block-image size-full is-resized has-custom-border is-style-rounded is-style-rounded--3\" style=\"margin-top:0;margin-right:0;margin-bottom:var(--wp--preset--spacing--10);margin-left:0\"><img loading=\"lazy\" decoding=\"async\" width=\"494\" height=\"491\" src=\"https:\/\/landseer-nothilfe.de\/wp-content\/uploads\/2026\/04\/Martin-fuer-Homepage.jpg\" alt=\"\" class=\"wp-image-1708\" style=\"border-radius:100%;aspect-ratio:1;object-fit:cover;width:250px\" srcset=\"https:\/\/landseer-nothilfe.de\/wp-content\/uploads\/2026\/04\/Martin-fuer-Homepage.jpg 494w, https:\/\/landseer-nothilfe.de\/wp-content\/uploads\/2026\/04\/Martin-fuer-Homepage-300x298.jpg 300w, https:\/\/landseer-nothilfe.de\/wp-content\/uploads\/2026\/04\/Martin-fuer-Homepage-150x150.jpg 150w\" sizes=\"auto, (max-width: 494px) 100vw, 494px\" \/><\/figure>\n\n\n\n<h5 class=\"wp-block-heading has-text-align-center\" style=\"font-size:clamp(1.146rem, 1.146rem + ((1vw - 0.2rem) * 0.818), 1.8rem);\">Martin Schoenen<\/h5>\n\n\n\n<h6 class=\"wp-block-heading has-text-align-center has-custom-blau-color has-text-color has-link-color wp-elements-643e17ec8fc65e16e80323d8b9a25408\">Schatzmeister<\/h6>\n\n\n\n<p class=\"has-text-align-center has-contrast-2-color has-text-color has-link-color wp-elements-9281aa651ef10ed4c32d7c6e55ea3946\">Telefon: <a href=\"tel:00491795914739\">+49 (0) 177 964 85 35<\/a><br><a href=\"mailto: schatzmeister@landseer-nothilfe.de\">schatzmeister@landseer-nothilfe.de<\/a><\/p>\n<\/div>\n<\/div>\n<\/div>\n<\/div>\n\n\n\n<div style=\"height:25px\" aria-hidden=\"true\" class=\"wp-block-spacer\"><\/div>\n\n\n\n<div class=\"wp-block-columns is-layout-flex wp-container-core-columns-is-layout-1146dd41 wp-block-columns-is-layout-flex\" style=\"padding-right:0;padding-left:0\">\n<div class=\"wp-block-column is-layout-flow wp-block-column-is-layout-flow\">\n<div class=\"wp-block-group is-vertical is-content-justification-center is-layout-flex wp-container-core-group-is-layout-b6c228df wp-block-group-is-layout-flex\" style=\"min-height:100%\">\n<div class=\"wp-block-group is-vertical is-content-justification-center is-layout-flex wp-container-core-group-is-layout-ce155fab wp-block-group-is-layout-flex\">\n<figure class=\"wp-block-image size-full is-resized has-custom-border is-style-rounded is-style-rounded--4\" style=\"margin-top:0;margin-right:0;margin-bottom:var(--wp--preset--spacing--10);margin-left:0\"><img loading=\"lazy\" decoding=\"async\" width=\"300\" height=\"300\" src=\"https:\/\/landseer-nothilfe.de\/wp-content\/uploads\/2025\/03\/silvia_backes_team.jpg\" alt=\"\" class=\"wp-image-58\" style=\"border-radius:100%;aspect-ratio:1;object-fit:cover;width:250px\" srcset=\"https:\/\/landseer-nothilfe.de\/wp-content\/uploads\/2025\/03\/silvia_backes_team.jpg 300w, https:\/\/landseer-nothilfe.de\/wp-content\/uploads\/2025\/03\/silvia_backes_team-150x150.jpg 150w\" sizes=\"auto, (max-width: 300px) 100vw, 300px\" \/><\/figure>\n\n\n\n<h5 class=\"wp-block-heading has-text-align-center\" style=\"font-size:clamp(1.146rem, 1.146rem + ((1vw - 0.2rem) * 0.818), 1.8rem);\">Silvia Backes<\/h5>\n\n\n\n<h6 class=\"wp-block-heading has-text-align-center has-custom-blau-color has-text-color has-link-color wp-elements-b30b4aef8cd68f3a4a59e20abb83e71e\">Nothundevermittlung<\/h6>\n\n\n\n<p class=\"has-text-align-center has-contrast-2-color has-text-color has-link-color wp-elements-6c36949c32d1f57500507966a5bfff52\">Telefon: <a href=\"tel:00491773558001\">+49 (0) 177 35 58 001<\/a><br><a href=\"mailto:notlandseer@landseer-nothilfe.de\">notlandseer@landseer-nothilfe.de<\/a><\/p>\n<\/div>\n<\/div>\n<\/div>\n\n\n\n<div class=\"wp-block-column is-layout-flow wp-block-column-is-layout-flow\">\n<div class=\"wp-block-group is-vertical is-content-justification-center is-layout-flex wp-container-core-group-is-layout-b6c228df wp-block-group-is-layout-flex\" style=\"min-height:100%\">\n<div class=\"wp-block-group is-vertical is-content-justification-center is-layout-flex wp-container-core-group-is-layout-ce155fab wp-block-group-is-layout-flex\">\n<figure class=\"wp-block-image size-full is-resized has-custom-border is-style-rounded is-style-rounded--5\" style=\"margin-bottom:var(--wp--preset--spacing--10)\"><img loading=\"lazy\" decoding=\"async\" width=\"467\" height=\"462\" src=\"https:\/\/landseer-nothilfe.de\/wp-content\/uploads\/2025\/10\/Werner.jpg\" alt=\"\" class=\"wp-image-1138\" style=\"border-radius:100%;aspect-ratio:1;object-fit:cover;width:250px\" srcset=\"https:\/\/landseer-nothilfe.de\/wp-content\/uploads\/2025\/10\/Werner.jpg 467w, https:\/\/landseer-nothilfe.de\/wp-content\/uploads\/2025\/10\/Werner-300x297.jpg 300w\" sizes=\"auto, (max-width: 467px) 100vw, 467px\" \/><\/figure>\n\n\n\n<h5 class=\"wp-block-heading\" style=\"font-size:clamp(1.146rem, 1.146rem + ((1vw - 0.2rem) * 0.818), 1.8rem);\">Werner Graff Eussen<\/h5>\n\n\n\n<h6 class=\"wp-block-heading has-text-align-center has-custom-blau-color has-text-color has-link-color wp-elements-401befe7e0453634c36c24f00bffb074\">Erziehungsberatung<\/h6>\n\n\n\n<p class=\"has-text-align-center has-contrast-2-color has-text-color has-link-color wp-elements-e4433caa5bac86074723aa69f0e9ebe0\">Telefon: <a href=\"tel:0031641685014\">+31 6 41 68 50 14<\/a><br><a href=\"mailto: vorstand@landseer-nothilfe.de\">vorstand@landseer-nothilfe.de<\/a><\/p>\n<\/div>\n<\/div>\n<\/div>\n\n\n\n<div class=\"wp-block-column is-layout-flow wp-block-column-is-layout-flow\">\n<div class=\"wp-block-group is-vertical is-content-justification-center is-layout-flex wp-container-core-group-is-layout-b6c228df wp-block-group-is-layout-flex\" style=\"min-height:100%\">\n<div class=\"wp-block-group is-vertical is-content-justification-center is-layout-flex wp-container-core-group-is-layout-ce155fab wp-block-group-is-layout-flex\">\n\n\n<h5 class=\"wp-block-heading has-custom-dark-blue-color has-text-color has-link-color wp-elements-af32ab77ad5d167c55ffad30f49c86e2\" style=\"font-size:clamp(1.146rem, 1.146rem + ((1vw - 0.2rem) * 0.818), 1.8rem);\"><\/h5>\n\n\n\n<h6 class=\"wp-block-heading has-text-align-center has-custom-blau-color has-text-color has-link-color wp-elements-9a040a128191cfd0058f70de7c112176\"><\/h6>\n\n\n\n<p class=\"has-text-align-center has-contrast-2-color has-text-color has-link-color wp-elements-2f347482c98f3f1e12c4b31b8c5ea889\"><\/p>\n<\/div>\n<\/div>\n<\/div>\n<\/div>\n\n\n\n<div style=\"height:25px\" aria-hidden=\"true\" class=\"wp-block-spacer\"><\/div>\n<\/div>\n\n\n\n<div style=\"height:50px\" aria-hidden=\"true\" class=\"wp-block-spacer\"><\/div>\n","protected":false},"excerpt":{"rendered":"<p>Die Landseer-Nothilfe e. V. wurde im Jahr 2007 gegr\u00fcndet. Wir haben es uns zur Aufgabe gemacht, f\u00fcr die in Not geratenen Landseer ein neues Zuhause zu finden. Wir helfen bei der Vermittlung und bieten Hilfe bei Erziehungsfragen, Ern\u00e4hrung und Gesundheit. Dabei spielen bei uns die Herkunft der Hunde oder Ihre Vereinszugeh\u00f6rigkeit keine Rolle. Immer wieder [&hellip;]<\/p>\n","protected":false},"author":1,"featured_media":0,"parent":0,"menu_order":0,"comment_status":"closed","ping_status":"closed","template":"","meta":{"footnotes":""},"class_list":["post-259","page","type-page","status-publish","hentry"],"_links":{"self":[{"href":"https:\/\/landseer-nothilfe.de\/index.php\/wp-json\/wp\/v2\/pages\/259","targetHints":{"allow":["GET"]}}],"collection":[{"href":"https:\/\/landseer-nothilfe.de\/index.php\/wp-json\/wp\/v2\/pages"}],"about":[{"href":"https:\/\/landseer-nothilfe.de\/index.php\/wp-json\/wp\/v2\/types\/page"}],"author":[{"embeddable":true,"href":"https:\/\/landseer-nothilfe.de\/index.php\/wp-json\/wp\/v2\/users\/1"}],"replies":[{"embeddable":true,"href":"https:\/\/landseer-nothilfe.de\/index.php\/wp-json\/wp\/v2\/comments?post=259"}],"version-history":[{"count":18,"href":"https:\/\/landseer-nothilfe.de\/index.php\/wp-json\/wp\/v2\/pages\/259\/revisions"}],"predecessor-version":[{"id":1477,"href":"https:\/\/landseer-nothilfe.de\/index.php\/wp-json\/wp\/v2\/pages\/259\/revisions\/1477"}],"wp:attachment":[{"href":"https:\/\/landseer-nothilfe.de\/index.php\/wp-json\/wp\/v2\/media?parent=259"}],"curies":[{"name":"wp","href":"https:\/\/api.w.org\/{rel}","templated":true}]}}